{"id":722,"date":"2020-10-02T21:30:18","date_gmt":"2020-10-02T21:30:18","guid":{"rendered":"http:\/\/sunsetagro.com\/?page_id=722"},"modified":"2020-10-03T00:03:50","modified_gmt":"2020-10-03T00:03:50","slug":"elementor-722","status":"publish","type":"page","link":"https:\/\/sunsetagro.com\/index.php\/elementor-722\/","title":{"rendered":"Elementor #722"},"content":{"rendered":"\t\t<div data-elementor-type=\"wp-page\" data-elementor-id=\"722\" class=\"elementor elementor-722\" data-elementor-settings=\"[]\">\n\t\t\t<div class=\"elementor-inner\">\n\t\t\t\t<div class=\"elementor-section-wrap\">\n\t\t\t\t\t\t\t<section class=\"elementor-element elementor-element-1a7d459 elementor-section-boxed elementor-section-height-default elementor-section-height-default elementor-section elementor-top-section\" data-id=\"1a7d459\" data-element_type=\"section\">\n\t\t\t\t\t\t<div class=\"elementor-container elementor-column-gap-default\">\n\t\t\t\t<div class=\"elementor-row\">\n\t\t\t\t<div class=\"elementor-element elementor-element-b891dc9 elementor-column elementor-col-100 elementor-top-column\" data-id=\"b891dc9\" data-element_type=\"column\">\n\t\t\t<div class=\"elementor-column-wrap  elementor-element-populated\">\n\t\t\t\t\t<div class=\"elementor-widget-wrap\">\n\t\t\t\t<div class=\"elementor-element elementor-element-558367f elementor-widget elementor-widget-heading\" data-id=\"558367f\" data-element_type=\"widget\" data-widget_type=\"heading.default\">\n\t\t\t\t<div class=\"elementor-widget-container\">\n\t\t\t<h2 class=\"elementor-heading-title elementor-size-default\">Aleje las aves de sus cultivos<\/h2>\t\t<\/div>\n\t\t\t\t<\/div>\n\t\t\t\t\t\t<\/div>\n\t\t\t<\/div>\n\t\t<\/div>\n\t\t\t\t\t\t<\/div>\n\t\t\t<\/div>\n\t\t<\/section>\n\t\t\t\t<section class=\"elementor-element elementor-element-a99da80 elementor-section-boxed elementor-section-height-default elementor-section-height-default elementor-section elementor-top-section\" data-id=\"a99da80\" data-element_type=\"section\">\n\t\t\t\t\t\t<div class=\"elementor-container elementor-column-gap-default\">\n\t\t\t\t<div class=\"elementor-row\">\n\t\t\t\t<div class=\"elementor-element elementor-element-54e3211 elementor-column elementor-col-100 elementor-top-column\" data-id=\"54e3211\" data-element_type=\"column\">\n\t\t\t<div class=\"elementor-column-wrap  elementor-element-populated\">\n\t\t\t\t\t<div class=\"elementor-widget-wrap\">\n\t\t\t\t<div class=\"elementor-element elementor-element-b045f0e elementor-widget elementor-widget-image\" data-id=\"b045f0e\" data-element_type=\"widget\" data-widget_type=\"image.default\">\n\t\t\t\t<div class=\"elementor-widget-container\">\n\t\t\t\t\t<div class=\"elementor-image\">\n\t\t\t\t\t\t\t\t\t\t<img width=\"900\" height=\"675\" src=\"https:\/\/sunsetagro.com\/wp-content\/uploads\/2020\/10\/Cerezos.jpg\" class=\"attachment-large size-large\" alt=\"\" loading=\"lazy\" srcset=\"https:\/\/sunsetagro.com\/wp-content\/uploads\/2020\/10\/Cerezos.jpg 900w, https:\/\/sunsetagro.com\/wp-content\/uploads\/2020\/10\/Cerezos-300x225.jpg 300w, https:\/\/sunsetagro.com\/wp-content\/uploads\/2020\/10\/Cerezos-768x576.jpg 768w\" sizes=\"(max-width: 900px) 100vw, 900px\" \/>\t\t\t\t\t\t\t\t\t\t\t<\/div>\n\t\t\t\t<\/div>\n\t\t\t\t<\/div>\n\t\t\t\t\t\t<\/div>\n\t\t\t<\/div>\n\t\t<\/div>\n\t\t\t\t\t\t<\/div>\n\t\t\t<\/div>\n\t\t<\/section>\n\t\t\t\t<section class=\"elementor-element elementor-element-af8b508 elementor-section-boxed elementor-section-height-default elementor-section-height-default elementor-section elementor-top-section\" data-id=\"af8b508\" data-element_type=\"section\">\n\t\t\t\t\t\t<div class=\"elementor-container elementor-column-gap-default\">\n\t\t\t\t<div class=\"elementor-row\">\n\t\t\t\t<div class=\"elementor-element elementor-element-18d6049 elementor-column elementor-col-100 elementor-top-column\" data-id=\"18d6049\" data-element_type=\"column\">\n\t\t\t<div class=\"elementor-column-wrap  elementor-element-populated\">\n\t\t\t\t\t<div class=\"elementor-widget-wrap\">\n\t\t\t\t<div class=\"elementor-element elementor-element-4dd2c08 elementor-widget elementor-widget-text-editor\" data-id=\"4dd2c08\" data-element_type=\"widget\" data-widget_type=\"text-editor.default\">\n\t\t\t\t<div class=\"elementor-widget-container\">\n\t\t\t\t\t<div class=\"elementor-text-editor elementor-clearfix\"><p>Nuestro Laser Hawk Agro permite alejar las aves de sus cultivos de manera simple y efectiva.\u00a0 El Laser produce un haz de luz potente de entre 3 y 6 centimetros de diametro seg\u00fan la distancia.\u00a0 Al recorrer el campo asusta a las aves sin da\u00f1arlas.\u00a0 El Laser tiene un alcance de cerca de 500 mts por los que no s\u00f3lo aleja las aves de sus frutales sino que tambi\u00e9n de \u00e1rboles de lo alrededores que son donde normalmente anidan las aves,<\/p><\/div>\n\t\t\t\t<\/div>\n\t\t\t\t<\/div>\n\t\t\t\t<div class=\"elementor-element elementor-element-b446ca5 elementor-aspect-ratio-169 elementor-widget elementor-widget-video\" data-id=\"b446ca5\" data-element_type=\"widget\" data-settings=\"{&quot;aspect_ratio&quot;:&quot;169&quot;}\" data-widget_type=\"video.default\">\n\t\t\t\t<div class=\"elementor-widget-container\">\n\t\t\t\t\t<div class=\"elementor-wrapper elementor-fit-aspect-ratio elementor-open-inline\">\n\t\t\t<iframe class=\"elementor-video-iframe\" allowfullscreen title=\"youtube Video Player\" src=\"https:\/\/www.youtube.com\/embed\/yZz4_Efi9Xc?feature=oembed&amp;start&amp;end&amp;wmode=opaque&amp;loop=0&amp;controls=1&amp;mute=0&amp;rel=0&amp;modestbranding=0\"><\/iframe>\t\t<\/div>\n\t\t\t\t<\/div>\n\t\t\t\t<\/div>\n\t\t\t\t<div class=\"elementor-element elementor-element-f61aeb4 elementor-widget elementor-widget-image\" data-id=\"f61aeb4\" data-element_type=\"widget\" data-widget_type=\"image.default\">\n\t\t\t\t<div class=\"elementor-widget-container\">\n\t\t\t\t\t<div class=\"elementor-image\">\n\t\t\t\t\t\t\t\t\t\t<img width=\"900\" height=\"803\" src=\"https:\/\/sunsetagro.com\/wp-content\/uploads\/2020\/10\/Foto-Laser-ancha.png\" class=\"attachment-large size-large\" alt=\"\" loading=\"lazy\" srcset=\"https:\/\/sunsetagro.com\/wp-content\/uploads\/2020\/10\/Foto-Laser-ancha.png 900w, https:\/\/sunsetagro.com\/wp-content\/uploads\/2020\/10\/Foto-Laser-ancha-300x268.png 300w, https:\/\/sunsetagro.com\/wp-content\/uploads\/2020\/10\/Foto-Laser-ancha-768x685.png 768w\" sizes=\"(max-width: 900px) 100vw, 900px\" \/>\t\t\t\t\t\t\t\t\t\t\t<\/div>\n\t\t\t\t<\/div>\n\t\t\t\t<\/div>\n\t\t\t\t<div class=\"elementor-element elementor-element-2f9a117 elementor-widget elementor-widget-image\" data-id=\"2f9a117\" data-element_type=\"widget\" data-widget_type=\"image.default\">\n\t\t\t\t<div class=\"elementor-widget-container\">\n\t\t\t\t\t<div class=\"elementor-image\">\n\t\t\t\t\t\t\t\t\t\t<img width=\"1024\" height=\"576\" src=\"https:\/\/sunsetagro.com\/wp-content\/uploads\/2020\/10\/Laser-stadium-1024x576.jpg\" class=\"attachment-large size-large\" alt=\"\" loading=\"lazy\" srcset=\"https:\/\/sunsetagro.com\/wp-content\/uploads\/2020\/10\/Laser-stadium-1024x576.jpg 1024w, https:\/\/sunsetagro.com\/wp-content\/uploads\/2020\/10\/Laser-stadium-300x169.jpg 300w, https:\/\/sunsetagro.com\/wp-content\/uploads\/2020\/10\/Laser-stadium-768x432.jpg 768w, https:\/\/sunsetagro.com\/wp-content\/uploads\/2020\/10\/Laser-stadium-1536x864.jpg 1536w, https:\/\/sunsetagro.com\/wp-content\/uploads\/2020\/10\/Laser-stadium-2048x1152.jpg 2048w\" sizes=\"(max-width: 1024px) 100vw, 1024px\" \/>\t\t\t\t\t\t\t\t\t\t\t<\/div>\n\t\t\t\t<\/div>\n\t\t\t\t<\/div>\n\t\t\t\t\t\t<\/div>\n\t\t\t<\/div>\n\t\t<\/div>\n\t\t\t\t\t\t<\/div>\n\t\t\t<\/div>\n\t\t<\/section>\n\t\t\t\t<section class=\"elementor-element elementor-element-f89d8a9 elementor-section-boxed elementor-section-height-default elementor-section-height-default elementor-section elementor-top-section\" data-id=\"f89d8a9\" data-element_type=\"section\">\n\t\t\t\t\t\t<div class=\"elementor-container elementor-column-gap-default\">\n\t\t\t\t<div class=\"elementor-row\">\n\t\t\t\t<div class=\"elementor-element elementor-element-3b49e54 elementor-column elementor-col-100 elementor-top-column\" data-id=\"3b49e54\" data-element_type=\"column\">\n\t\t\t<div class=\"elementor-column-wrap  elementor-element-populated\">\n\t\t\t\t\t<div class=\"elementor-widget-wrap\">\n\t\t\t\t<div class=\"elementor-element elementor-element-7e600f6 elementor-widget elementor-widget-image\" data-id=\"7e600f6\" data-element_type=\"widget\" data-widget_type=\"image.default\">\n\t\t\t\t<div class=\"elementor-widget-container\">\n\t\t\t\t\t<div class=\"elementor-image\">\n\t\t\t\t\t\t\t\t\t\t<img width=\"1024\" height=\"448\" src=\"https:\/\/sunsetagro.com\/wp-content\/uploads\/2020\/10\/Laser-details-1024x448.png\" class=\"attachment-large size-large\" alt=\"\" loading=\"lazy\" srcset=\"https:\/\/sunsetagro.com\/wp-content\/uploads\/2020\/10\/Laser-details-1024x448.png 1024w, https:\/\/sunsetagro.com\/wp-content\/uploads\/2020\/10\/Laser-details-300x131.png 300w, https:\/\/sunsetagro.com\/wp-content\/uploads\/2020\/10\/Laser-details-768x336.png 768w, https:\/\/sunsetagro.com\/wp-content\/uploads\/2020\/10\/Laser-details.png 1183w\" sizes=\"(max-width: 1024px) 100vw, 1024px\" \/>\t\t\t\t\t\t\t\t\t\t\t<\/div>\n\t\t\t\t<\/div>\n\t\t\t\t<\/div>\n\t\t\t\t\t\t<\/div>\n\t\t\t<\/div>\n\t\t<\/div>\n\t\t\t\t\t\t<\/div>\n\t\t\t<\/div>\n\t\t<\/section>\n\t\t\t\t<section class=\"elementor-element elementor-element-cfbbdda elementor-section-boxed elementor-section-height-default elementor-section-height-default elementor-section elementor-top-section\" data-id=\"cfbbdda\" data-element_type=\"section\">\n\t\t\t\t\t\t<div class=\"elementor-container elementor-column-gap-default\">\n\t\t\t\t<div class=\"elementor-row\">\n\t\t\t\t<div class=\"elementor-element elementor-element-bee26a7 elementor-column elementor-col-100 elementor-top-column\" data-id=\"bee26a7\" data-element_type=\"column\">\n\t\t\t<div class=\"elementor-column-wrap  elementor-element-populated\">\n\t\t\t\t\t<div class=\"elementor-widget-wrap\">\n\t\t\t\t<div class=\"elementor-element elementor-element-9ffbd96 elementor-widget elementor-widget-image\" data-id=\"9ffbd96\" data-element_type=\"widget\" data-widget_type=\"image.default\">\n\t\t\t\t<div class=\"elementor-widget-container\">\n\t\t\t\t\t<div class=\"elementor-image\">\n\t\t\t\t\t\t\t\t\t\t<img width=\"300\" height=\"127\" src=\"https:\/\/sunsetagro.com\/wp-content\/uploads\/2020\/08\/Logo-sunset-nuevo-LOW_RES.png\" class=\"attachment-large size-large\" alt=\"\" loading=\"lazy\" \/>\t\t\t\t\t\t\t\t\t\t\t<\/div>\n\t\t\t\t<\/div>\n\t\t\t\t<\/div>\n\t\t\t\t\t\t<\/div>\n\t\t\t<\/div>\n\t\t<\/div>\n\t\t\t\t\t\t<\/div>\n\t\t\t<\/div>\n\t\t<\/section>\n\t\t\t\t\t\t<\/div>\n\t\t\t<\/div>\n\t\t<\/div>\n\t\t","protected":false},"excerpt":{"rendered":"<p>Aleje las aves de sus cultivos Nuestro Laser Hawk Agro permite alejar las aves de sus cultivos de manera simple y efectiva.\u00a0 El Laser produce un haz de luz potente de entre 3 y 6 centimetros de diametro seg\u00fan la distancia.\u00a0 Al recorrer el campo asusta a las aves sin da\u00f1arlas.\u00a0 El Laser tiene un &hellip;<\/p>\n<p class=\"read-more\"> <a class=\"\" href=\"https:\/\/sunsetagro.com\/index.php\/elementor-722\/\"> <span class=\"screen-reader-text\">Elementor #722<\/span> Read More &raquo;<\/a><\/p>\n","protected":false},"author":1,"featured_media":0,"parent":0,"menu_order":0,"comment_status":"closed","ping_status":"closed","template":"","meta":{"om_disable_all_campaigns":false},"_links":{"self":[{"href":"https:\/\/sunsetagro.com\/index.php\/wp-json\/wp\/v2\/pages\/722"}],"collection":[{"href":"https:\/\/sunsetagro.com\/index.php\/wp-json\/wp\/v2\/pages"}],"about":[{"href":"https:\/\/sunsetagro.com\/index.php\/wp-json\/wp\/v2\/types\/page"}],"author":[{"embeddable":true,"href":"https:\/\/sunsetagro.com\/index.php\/wp-json\/wp\/v2\/users\/1"}],"replies":[{"embeddable":true,"href":"https:\/\/sunsetagro.com\/index.php\/wp-json\/wp\/v2\/comments?post=722"}],"version-history":[{"count":5,"href":"https:\/\/sunsetagro.com\/index.php\/wp-json\/wp\/v2\/pages\/722\/revisions"}],"predecessor-version":[{"id":741,"href":"https:\/\/sunsetagro.com\/index.php\/wp-json\/wp\/v2\/pages\/722\/revisions\/741"}],"wp:attachment":[{"href":"https:\/\/sunsetagro.com\/index.php\/wp-json\/wp\/v2\/media?parent=722"}],"curies":[{"name":"wp","href":"https:\/\/api.w.org\/{rel}","templated":true}]}}